{"id":10851,"date":"2024-10-30T13:43:42","date_gmt":"2024-10-30T13:43:42","guid":{"rendered":"https:\/\/signmaster.com.do\/?page_id=10851"},"modified":"2024-10-30T13:44:13","modified_gmt":"2024-10-30T13:44:13","slug":"politica-de-privacidad","status":"publish","type":"page","link":"https:\/\/signmaster.com.do\/pt\/politica-de-privacidad\/","title":{"rendered":"Pol\u00edtica de privacidad"},"content":{"rendered":"<p><span data-surface-wrapper=\"1\" data-surface=\"\/am\/editor_drawer\/editor:ad\/ad_destination_generic_section\/pce_lead_gen_instant_form_field\">Al hacer clic en &#8220;Enviar&#8221;, aceptas enviar tu informaci\u00f3n a Signmaster S.R.L, que se compromete a usarla conforme a su pol\u00edtica de privacidad. Facebook tambi\u00e9n usar\u00e1 la informaci\u00f3n de acuerdo con nuestra Pol\u00edtica de datos, incluso para completar formularios de anuncios autom\u00e1ticamente.<a href=\"https:\/\/adsmanager.facebook.com\/adsmanager\/manage\/ads\/edit?act=6375466292512777&amp;business_id=791951812367553&amp;global_scope_id=791951812367553&amp;nav_entry_point=am_local_scope_selector&amp;date=2023-06-27_2023-07-27%2Clast_30d&amp;selected_campaign_ids=120213728007020252&amp;selected_adset_ids=120213728007070252&amp;selected_ad_ids=120213728007120252&amp;is_reload_from_account_change&amp;breakdown_regrouping=true&amp;nav_source=business_manager#\" rel=\"nofollow noopener\" target=\"_blank\"><span class=\"\">Consulta la Pol\u00edtica de datos de Facebook.<\/span><\/a> <a href=\"https:\/\/adsmanager.facebook.com\/adsmanager\/manage\/ads\/edit?act=6375466292512777&amp;business_id=791951812367553&amp;global_scope_id=791951812367553&amp;nav_entry_point=am_local_scope_selector&amp;date=2023-06-27_2023-07-27%2Clast_30d&amp;selected_campaign_ids=120213728007020252&amp;selected_adset_ids=120213728007070252&amp;selected_ad_ids=120213728007120252&amp;is_reload_from_account_change&amp;breakdown_regrouping=true&amp;nav_source=business_manager#\" rel=\"nofollow noopener\" target=\"_blank\"><span class=\"\">Consulta la Pol\u00edtica de privacidad de Signmaster S.R.L.<\/span><\/a><\/span><\/p>","protected":false},"excerpt":{"rendered":"<p>Al hacer clic en &#8220;Enviar&#8221;, aceptas enviar tu informaci\u00f3n a Signmaster S.R.L, que se compromete a usarla conforme a su pol\u00edtica de privacidad. Facebook tambi\u00e9n usar\u00e1 la informaci\u00f3n de acuerdo con nuestra Pol\u00edtica de datos, incluso para completar formularios de anuncios autom\u00e1ticamente.Consulta la Pol\u00edtica de datos de Facebook. Consulta la Pol\u00edtica de privacidad de Signmaster S.R.L.<\/p>","protected":false},"author":1,"featured_media":0,"parent":0,"menu_order":0,"comment_status":"closed","ping_status":"closed","template":"","meta":{"_exactmetrics_skip_tracking":false,"_exactmetrics_sitenote_active":false,"_exactmetrics_sitenote_note":"","_exactmetrics_sitenote_category":0,"_uf_show_specific_survey":0,"_uf_disable_surveys":false,"site-sidebar-layout":"default","site-content-layout":"","ast-site-content-layout":"default","site-content-style":"default","site-sidebar-style":"default","ast-global-header-display":"","ast-banner-title-visibility":"","ast-main-header-display":"","ast-hfb-above-header-display":"","ast-hfb-below-header-display":"","ast-hfb-mobile-header-display":"","site-post-title":"","ast-breadcrumbs-content":"","ast-featured-img":"","footer-sml-layout":"","ast-disable-related-posts":"","theme-transparent-header-meta":"default","adv-header-id-meta":"","stick-header-meta":"","header-above-stick-meta":"","header-main-stick-meta":"","header-below-stick-meta":"","astra-migrate-meta-layouts":"set","ast-page-background-enabled":"default","ast-page-background-meta":{"desktop":{"background-color":"","background-image":"","background-repeat":"repeat","background-position":"center center","background-size":"auto","background-attachment":"scroll","background-type":"","background-media":"","overlay-type":"","overlay-color":"","overlay-opacity":"","overlay-gradient":""},"tablet":{"background-color":"","background-image":"","background-repeat":"repeat","background-position":"center center","background-size":"auto","background-attachment":"scroll","background-type":"","background-media":"","overlay-type":"","overlay-color":"","overlay-opacity":"","overlay-gradient":""},"mobile":{"background-color":"","background-image":"","background-repeat":"repeat","background-position":"center center","background-size":"auto","background-attachment":"scroll","background-type":"","background-media":"","overlay-type":"","overlay-color":"","overlay-opacity":"","overlay-gradient":""}},"ast-content-background-meta":{"desktop":{"background-color":"var(--ast-global-color-5)","background-image":"","background-repeat":"repeat","background-position":"center center","background-size":"auto","background-attachment":"scroll","background-type":"","background-media":"","overlay-type":"","overlay-color":"","overlay-opacity":"","overlay-gradient":""},"tablet":{"background-color":"var(--ast-global-color-5)","background-image":"","background-repeat":"repeat","background-position":"center center","background-size":"auto","background-attachment":"scroll","background-type":"","background-media":"","overlay-type":"","overlay-color":"","overlay-opacity":"","overlay-gradient":""},"mobile":{"background-color":"var(--ast-global-color-5)","background-image":"","background-repeat":"repeat","background-position":"center center","background-size":"auto","background-attachment":"scroll","background-type":"","background-media":"","overlay-type":"","overlay-color":"","overlay-opacity":"","overlay-gradient":""}},"footnotes":""},"class_list":["post-10851","page","type-page","status-publish","hentry"],"_links":{"self":[{"href":"https:\/\/signmaster.com.do\/pt\/wp-json\/wp\/v2\/pages\/10851","targetHints":{"allow":["GET"]}}],"collection":[{"href":"https:\/\/signmaster.com.do\/pt\/wp-json\/wp\/v2\/pages"}],"about":[{"href":"https:\/\/signmaster.com.do\/pt\/wp-json\/wp\/v2\/types\/page"}],"author":[{"embeddable":true,"href":"https:\/\/signmaster.com.do\/pt\/wp-json\/wp\/v2\/users\/1"}],"replies":[{"embeddable":true,"href":"https:\/\/signmaster.com.do\/pt\/wp-json\/wp\/v2\/comments?post=10851"}],"version-history":[{"count":0,"href":"https:\/\/signmaster.com.do\/pt\/wp-json\/wp\/v2\/pages\/10851\/revisions"}],"wp:attachment":[{"href":"https:\/\/signmaster.com.do\/pt\/wp-json\/wp\/v2\/media?parent=10851"}],"curies":[{"name":"wp","href":"https:\/\/api.w.org\/{rel}","templated":true}]}}