{"id":126,"date":"2018-11-26T12:45:57","date_gmt":"2018-11-26T12:45:57","guid":{"rendered":"https:\/\/signmaster.com.do\/about\/"},"modified":"2024-11-08T15:46:41","modified_gmt":"2024-11-08T15:46:41","slug":"nosotros","status":"publish","type":"page","link":"https:\/\/signmaster.com.do\/pt\/nosotros\/","title":{"rendered":"Sobre n\u00f3s"},"content":{"rendered":"<div data-elementor-type=\"wp-post\" data-elementor-id=\"126\" class=\"elementor elementor-126\" data-elementor-post-type=\"page\">\n\t\t\t\t\t\t<section class=\"has_ma_el_bg_slider elementor-section elementor-top-section elementor-element elementor-element-688ad38 elementor-section-content-middle elementor-section-boxed elementor-section-height-default elementor-section-height-default jltma-glass-effect-no wpr-particle-no wpr-jarallax-no wpr-parallax-no wpr-sticky-section-no\" data-id=\"688ad38\" data-element_type=\"section\" data-settings=\"{&quot;background_background&quot;:&quot;classic&quot;}\">\n\t\t\t\t\t\t\t<div class=\"elementor-background-overlay\"><\/div>\n\t\t\t\t\t\t\t<div class=\"elementor-container elementor-column-gap-no\">\n\t\t\t\t\t<div class=\"has_ma_el_bg_slider elementor-column elementor-col-100 elementor-top-column elementor-element elementor-element-148e58a jltma-glass-effect-no\" data-id=\"148e58a\" data-element_type=\"column\">\n\t\t\t<div class=\"elementor-widget-wrap elementor-element-populated\">\n\t\t\t\t\t\t<div class=\"elementor-element elementor-element-d915ffa jltma-glass-effect-no elementor-widget elementor-widget-heading\" data-id=\"d915ffa\" data-element_type=\"widget\" data-widget_type=\"heading.default\">\n\t\t\t\t<div class=\"elementor-widget-container\">\n\t\t\t\t\t<h1 class=\"elementor-heading-title elementor-size-default\">Sobre n\u00f3s<\/h1>\t\t\t\t<\/div>\n\t\t\t\t<\/div>\n\t\t\t\t\t<\/div>\n\t\t<\/div>\n\t\t\t\t\t<\/div>\n\t\t<\/section>\n\t\t\t\t<section class=\"has_ma_el_bg_slider elementor-section elementor-top-section elementor-element elementor-element-303906c elementor-section-content-top elementor-section-boxed elementor-section-height-default elementor-section-height-default jltma-glass-effect-no wpr-particle-no wpr-jarallax-no wpr-parallax-no wpr-sticky-section-no\" data-id=\"303906c\" data-element_type=\"section\">\n\t\t\t\t\t\t<div class=\"elementor-container elementor-column-gap-no\">\n\t\t\t\t\t<div class=\"has_ma_el_bg_slider elementor-column elementor-col-50 elementor-top-column elementor-element elementor-element-79e7669 jltma-glass-effect-no\" data-id=\"79e7669\" data-element_type=\"column\">\n\t\t\t<div class=\"elementor-widget-wrap elementor-element-populated\">\n\t\t\t\t\t\t<div class=\"elementor-element elementor-element-bb23abb elementor-widget-mobile__width-initial elementor-hidden-tablet elementor-hidden-mobile jltma-glass-effect-no elementor-invisible elementor-widget elementor-widget-image\" data-id=\"bb23abb\" data-element_type=\"widget\" data-settings=\"{&quot;_animation&quot;:&quot;fadeInLeft&quot;}\" data-widget_type=\"image.default\">\n\t\t\t\t<div class=\"elementor-widget-container\">\n\t\t\t\t\t\t\t\t\t\t\t\t\t\t\t<img fetchpriority=\"high\" decoding=\"async\" width=\"866\" height=\"1538\" src=\"https:\/\/signmaster.com.do\/wp-content\/uploads\/2023\/05\/Mopi-somos-banner.png\" class=\"attachment-full size-full wp-image-4938\" alt=\"Mopi somos banner\" srcset=\"https:\/\/signmaster.com.do\/wp-content\/uploads\/2023\/05\/Mopi-somos-banner.png 866w, https:\/\/signmaster.com.do\/wp-content\/uploads\/2023\/05\/Mopi-somos-banner-600x1066.png 600w, https:\/\/signmaster.com.do\/wp-content\/uploads\/2023\/05\/Mopi-somos-banner-169x300.png 169w, https:\/\/signmaster.com.do\/wp-content\/uploads\/2023\/05\/Mopi-somos-banner-577x1024.png 577w, https:\/\/signmaster.com.do\/wp-content\/uploads\/2023\/05\/Mopi-somos-banner-768x1364.png 768w, https:\/\/signmaster.com.do\/wp-content\/uploads\/2023\/05\/Mopi-somos-banner-865x1536.png 865w, https:\/\/signmaster.com.do\/wp-content\/uploads\/2023\/05\/Mopi-somos-banner-500x888.png 500w\" sizes=\"(max-width: 866px) 100vw, 866px\" title=\"\">\t\t\t\t\t\t\t\t\t\t\t\t\t\t\t<\/div>\n\t\t\t\t<\/div>\n\t\t\t\t<div class=\"elementor-element elementor-element-72dd92a elementor-widget-mobile__width-initial elementor-hidden-desktop elementor-hidden-tablet jltma-glass-effect-no elementor-invisible elementor-widget elementor-widget-image\" data-id=\"72dd92a\" data-element_type=\"widget\" data-settings=\"{&quot;_animation&quot;:&quot;fadeInLeft&quot;}\" data-widget_type=\"image.default\">\n\t\t\t\t<div class=\"elementor-widget-container\">\n\t\t\t\t\t\t\t\t\t\t\t\t\t\t\t<img decoding=\"async\" width=\"450\" height=\"800\" src=\"https:\/\/signmaster.com.do\/wp-content\/uploads\/2023\/05\/Mopi3low.png\" class=\"attachment-full size-full wp-image-2277\" alt=\"Mopi3low\" srcset=\"https:\/\/signmaster.com.do\/wp-content\/uploads\/2023\/05\/Mopi3low.png 450w, https:\/\/signmaster.com.do\/wp-content\/uploads\/2023\/05\/Mopi3low-169x300.png 169w\" sizes=\"(max-width: 450px) 100vw, 450px\" title=\"\">\t\t\t\t\t\t\t\t\t\t\t\t\t\t\t<\/div>\n\t\t\t\t<\/div>\n\t\t\t\t\t<\/div>\n\t\t<\/div>\n\t\t\t\t<div class=\"has_ma_el_bg_slider elementor-column elementor-col-50 elementor-top-column elementor-element elementor-element-d067b90 jltma-glass-effect-no\" data-id=\"d067b90\" data-element_type=\"column\">\n\t\t\t<div class=\"elementor-widget-wrap elementor-element-populated\">\n\t\t\t\t\t\t<div class=\"elementor-element elementor-element-b362c0b jltma-glass-effect-no elementor-widget elementor-widget-spacer\" data-id=\"b362c0b\" data-element_type=\"widget\" data-widget_type=\"spacer.default\">\n\t\t\t\t<div class=\"elementor-widget-container\">\n\t\t\t\t\t\t\t<div class=\"elementor-spacer\">\n\t\t\t<div class=\"elementor-spacer-inner\"><\/div>\n\t\t<\/div>\n\t\t\t\t\t\t<\/div>\n\t\t\t\t<\/div>\n\t\t\t\t<div class=\"elementor-element elementor-element-c3c1f36 elementor-widget__width-initial jltma-glass-effect-no elementor-widget elementor-widget-heading\" data-id=\"c3c1f36\" data-element_type=\"widget\" data-widget_type=\"heading.default\">\n\t\t\t\t<div class=\"elementor-widget-container\">\n\t\t\t\t\t<h1 class=\"elementor-heading-title elementor-size-default\">Na SignMaster, entendemos que otimizar uma campanha \u00e9 utilizar os formatos corretos para os objetivos propostos. \n<\/h1>\t\t\t\t<\/div>\n\t\t\t\t<\/div>\n\t\t\t\t<div class=\"elementor-element elementor-element-a2dcc47 jltma-glass-effect-no elementor-widget elementor-widget-text-editor\" data-id=\"a2dcc47\" data-element_type=\"widget\" data-widget_type=\"text-editor.default\">\n\t\t\t\t<div class=\"elementor-widget-container\">\n\t\t\t\t\t\t\t\t\t<p>Somos l\u00edderes em inova\u00e7\u00e3o e diversidade de formatos em Publicidade Externa, com mais de 20 anos no mercado dominicano e uma ampla cobertura em tr\u00eas importantes regi\u00f5es do pa\u00eds: Distrito Nacional, Santiago de los Caballeros e Punta Cana.<\/p><p>Acompanhamos nossos clientes no design de suas campanhas em m\u00eddia exterior, para alcan\u00e7ar um alto impacto em suas mensagens ao p\u00fablico. Fomos os primeiros a oferecer mobili\u00e1rio urbano digital e a integra\u00e7\u00e3o de dispositivos m\u00f3veis com a publicidade externa, abrindo a oportunidade para campanhas interativas, nas quais a conex\u00e3o com as marcas vai al\u00e9m da visualiza\u00e7\u00e3o do outdoor, fortalecendo a campanha.<\/p>\t\t\t\t\t\t\t\t<\/div>\n\t\t\t\t<\/div>\n\t\t\t\t<section class=\"has_ma_el_bg_slider elementor-section elementor-inner-section elementor-element elementor-element-51f7394 elementor-hidden-tablet elementor-hidden-mobile elementor-section-boxed elementor-section-height-default elementor-section-height-default jltma-glass-effect-no wpr-particle-no wpr-jarallax-no wpr-parallax-no wpr-sticky-section-no\" data-id=\"51f7394\" data-element_type=\"section\">\n\t\t\t\t\t\t<div class=\"elementor-container elementor-column-gap-default\">\n\t\t\t\t\t<div class=\"has_ma_el_bg_slider elementor-column elementor-col-25 elementor-inner-column elementor-element elementor-element-2715631 jltma-glass-effect-no\" data-id=\"2715631\" data-element_type=\"column\">\n\t\t\t<div class=\"elementor-widget-wrap elementor-element-populated\">\n\t\t\t\t\t\t<div class=\"elementor-element elementor-element-fd379a2 elementor-position-top jltma-glass-effect-no elementor-widget elementor-widget-image-box\" data-id=\"fd379a2\" data-element_type=\"widget\" data-widget_type=\"image-box.default\">\n\t\t\t\t<div class=\"elementor-widget-container\">\n\t\t\t\t\t<div class=\"elementor-image-box-wrapper\"><figure class=\"elementor-image-box-img\"><img decoding=\"async\" width=\"512\" height=\"512\" src=\"https:\/\/signmaster.com.do\/wp-content\/uploads\/2023\/05\/mopis.png\" class=\"attachment-full size-full wp-image-1029\" alt=\"mopis\" title=\"\" srcset=\"https:\/\/signmaster.com.do\/wp-content\/uploads\/2023\/05\/mopis.png 512w, https:\/\/signmaster.com.do\/wp-content\/uploads\/2023\/05\/mopis-300x300.png 300w, https:\/\/signmaster.com.do\/wp-content\/uploads\/2023\/05\/mopis-100x100.png 100w, https:\/\/signmaster.com.do\/wp-content\/uploads\/2023\/05\/mopis-150x150.png 150w, https:\/\/signmaster.com.do\/wp-content\/uploads\/2023\/05\/elementor\/thumbs\/mopis-q6b5utr0xu0wg1qwr4ci3tcudcqvii5mazptgscco0.png 80w\" sizes=\"(max-width: 512px) 100vw, 512px\" \/><\/figure><\/div>\t\t\t\t<\/div>\n\t\t\t\t<\/div>\n\t\t\t\t<div class=\"elementor-element elementor-element-611ebc2 jltma-glass-effect-no elementor-widget elementor-widget-counter\" data-id=\"611ebc2\" data-element_type=\"widget\" data-widget_type=\"counter.default\">\n\t\t\t\t<div class=\"elementor-widget-container\">\n\t\t\t\t\t\t\t<div class=\"elementor-counter\">\n\t\t\t<div class=\"elementor-counter-title\">Caras Fixas<\/div>\t\t\t<div class=\"elementor-counter-number-wrapper\">\n\t\t\t\t<span class=\"elementor-counter-number-prefix\">+<\/span>\n\t\t\t\t<span class=\"elementor-counter-number\" data-duration=\"2000\" data-to-value=\"566\" data-from-value=\"100\" data-delimiter=\",\">100<\/span>\n\t\t\t\t<span class=\"elementor-counter-number-suffix\"><\/span>\n\t\t\t<\/div>\n\t\t<\/div>\n\t\t\t\t\t\t<\/div>\n\t\t\t\t<\/div>\n\t\t\t\t\t<\/div>\n\t\t<\/div>\n\t\t\t\t<div class=\"has_ma_el_bg_slider elementor-column elementor-col-25 elementor-inner-column elementor-element elementor-element-902df07 jltma-glass-effect-no\" data-id=\"902df07\" data-element_type=\"column\">\n\t\t\t<div class=\"elementor-widget-wrap elementor-element-populated\">\n\t\t\t\t\t\t<div class=\"elementor-element elementor-element-195d669 elementor-position-top jltma-glass-effect-no elementor-widget elementor-widget-image-box\" data-id=\"195d669\" data-element_type=\"widget\" data-widget_type=\"image-box.default\">\n\t\t\t\t<div class=\"elementor-widget-container\">\n\t\t\t\t\t<div class=\"elementor-image-box-wrapper\"><figure class=\"elementor-image-box-img\"><img loading=\"lazy\" decoding=\"async\" width=\"512\" height=\"512\" src=\"https:\/\/signmaster.com.do\/wp-content\/uploads\/2023\/05\/pantallas2.png\" class=\"attachment-full size-full wp-image-3882\" alt=\"pantallas2\" title=\"\" srcset=\"https:\/\/signmaster.com.do\/wp-content\/uploads\/2023\/05\/pantallas2.png 512w, https:\/\/signmaster.com.do\/wp-content\/uploads\/2023\/05\/pantallas2-300x300.png 300w, https:\/\/signmaster.com.do\/wp-content\/uploads\/2023\/05\/pantallas2-100x100.png 100w, https:\/\/signmaster.com.do\/wp-content\/uploads\/2023\/05\/pantallas2-150x150.png 150w, https:\/\/signmaster.com.do\/wp-content\/uploads\/2023\/05\/pantallas2-500x500.png 500w\" sizes=\"(max-width: 512px) 100vw, 512px\" \/><\/figure><\/div>\t\t\t\t<\/div>\n\t\t\t\t<\/div>\n\t\t\t\t<div class=\"elementor-element elementor-element-3b6c818 jltma-glass-effect-no elementor-widget elementor-widget-counter\" data-id=\"3b6c818\" data-element_type=\"widget\" data-widget_type=\"counter.default\">\n\t\t\t\t<div class=\"elementor-widget-container\">\n\t\t\t\t\t\t\t<div class=\"elementor-counter\">\n\t\t\t<div class=\"elementor-counter-title\">Tel\u00f5es Digitais<\/div>\t\t\t<div class=\"elementor-counter-number-wrapper\">\n\t\t\t\t<span class=\"elementor-counter-number-prefix\">+<\/span>\n\t\t\t\t<span class=\"elementor-counter-number\" data-duration=\"2000\" data-to-value=\"242\" data-from-value=\"50\" data-delimiter=\",\">50<\/span>\n\t\t\t\t<span class=\"elementor-counter-number-suffix\"><\/span>\n\t\t\t<\/div>\n\t\t<\/div>\n\t\t\t\t\t\t<\/div>\n\t\t\t\t<\/div>\n\t\t\t\t\t<\/div>\n\t\t<\/div>\n\t\t\t\t<div class=\"has_ma_el_bg_slider elementor-column elementor-col-25 elementor-inner-column elementor-element elementor-element-d237911 jltma-glass-effect-no\" data-id=\"d237911\" data-element_type=\"column\">\n\t\t\t<div class=\"elementor-widget-wrap elementor-element-populated\">\n\t\t\t\t\t\t<div class=\"elementor-element elementor-element-5f55ed5 elementor-position-top jltma-glass-effect-no elementor-widget elementor-widget-image-box\" data-id=\"5f55ed5\" data-element_type=\"widget\" data-widget_type=\"image-box.default\">\n\t\t\t\t<div class=\"elementor-widget-container\">\n\t\t\t\t\t<div class=\"elementor-image-box-wrapper\"><figure class=\"elementor-image-box-img\"><img loading=\"lazy\" decoding=\"async\" width=\"512\" height=\"512\" src=\"https:\/\/signmaster.com.do\/wp-content\/uploads\/2023\/05\/vallas.png\" class=\"attachment-full size-full wp-image-1021\" alt=\"vallas\" title=\"\" srcset=\"https:\/\/signmaster.com.do\/wp-content\/uploads\/2023\/05\/vallas.png 512w, https:\/\/signmaster.com.do\/wp-content\/uploads\/2023\/05\/vallas-300x300.png 300w, https:\/\/signmaster.com.do\/wp-content\/uploads\/2023\/05\/vallas-100x100.png 100w, https:\/\/signmaster.com.do\/wp-content\/uploads\/2023\/05\/vallas-150x150.png 150w, https:\/\/signmaster.com.do\/wp-content\/uploads\/2023\/05\/elementor\/thumbs\/vallas-q6b53ry89gzuc11epff0cn3ay62m02rp93usa4g7q8.png 80w\" sizes=\"(max-width: 512px) 100vw, 512px\" \/><\/figure><\/div>\t\t\t\t<\/div>\n\t\t\t\t<\/div>\n\t\t\t\t<div class=\"elementor-element elementor-element-fba8a42 jltma-glass-effect-no elementor-widget elementor-widget-counter\" data-id=\"fba8a42\" data-element_type=\"widget\" data-widget_type=\"counter.default\">\n\t\t\t\t<div class=\"elementor-widget-container\">\n\t\t\t\t\t\t\t<div class=\"elementor-counter\">\n\t\t\t<div class=\"elementor-counter-title\">Outdoors<\/div>\t\t\t<div class=\"elementor-counter-number-wrapper\">\n\t\t\t\t<span class=\"elementor-counter-number-prefix\">+<\/span>\n\t\t\t\t<span class=\"elementor-counter-number\" data-duration=\"2000\" data-to-value=\"291\" data-from-value=\"50\" data-delimiter=\",\">50<\/span>\n\t\t\t\t<span class=\"elementor-counter-number-suffix\"><\/span>\n\t\t\t<\/div>\n\t\t<\/div>\n\t\t\t\t\t\t<\/div>\n\t\t\t\t<\/div>\n\t\t\t\t\t<\/div>\n\t\t<\/div>\n\t\t\t\t<div class=\"has_ma_el_bg_slider elementor-column elementor-col-25 elementor-inner-column elementor-element elementor-element-069855e jltma-glass-effect-no\" data-id=\"069855e\" data-element_type=\"column\">\n\t\t\t<div class=\"elementor-widget-wrap elementor-element-populated\">\n\t\t\t\t\t\t<div class=\"elementor-element elementor-element-06ac31d elementor-position-top jltma-glass-effect-no elementor-widget elementor-widget-image-box\" data-id=\"06ac31d\" data-element_type=\"widget\" data-widget_type=\"image-box.default\">\n\t\t\t\t<div class=\"elementor-widget-container\">\n\t\t\t\t\t<div class=\"elementor-image-box-wrapper\"><figure class=\"elementor-image-box-img\"><img loading=\"lazy\" decoding=\"async\" width=\"512\" height=\"512\" src=\"https:\/\/signmaster.com.do\/wp-content\/uploads\/2023\/05\/mapa2.png\" class=\"attachment-full size-full wp-image-1028\" alt=\"mapa2\" title=\"\" srcset=\"https:\/\/signmaster.com.do\/wp-content\/uploads\/2023\/05\/mapa2.png 512w, https:\/\/signmaster.com.do\/wp-content\/uploads\/2023\/05\/mapa2-300x300.png 300w, https:\/\/signmaster.com.do\/wp-content\/uploads\/2023\/05\/mapa2-100x100.png 100w, https:\/\/signmaster.com.do\/wp-content\/uploads\/2023\/05\/mapa2-150x150.png 150w, https:\/\/signmaster.com.do\/wp-content\/uploads\/2023\/05\/elementor\/thumbs\/mapa2-q6b5q3m8gfocwtsnwopwuwekqvm9y42mqf6ezkavy4.png 70w, https:\/\/signmaster.com.do\/wp-content\/uploads\/2023\/05\/elementor\/thumbs\/mapa2-q6b5q3m8ktk02mm1ckt12iaeum1ftae7blmxlpcly8.png 80w\" sizes=\"(max-width: 512px) 100vw, 512px\" \/><\/figure><\/div>\t\t\t\t<\/div>\n\t\t\t\t<\/div>\n\t\t\t\t<div class=\"elementor-element elementor-element-0e3d05a jltma-glass-effect-no elementor-widget elementor-widget-counter\" data-id=\"0e3d05a\" data-element_type=\"widget\" data-widget_type=\"counter.default\">\n\t\t\t\t<div class=\"elementor-widget-container\">\n\t\t\t\t\t\t\t<div class=\"elementor-counter\">\n\t\t\t<div class=\"elementor-counter-title\">Localiza\u00e7\u00f5es<\/div>\t\t\t<div class=\"elementor-counter-number-wrapper\">\n\t\t\t\t<span class=\"elementor-counter-number-prefix\">+<\/span>\n\t\t\t\t<span class=\"elementor-counter-number\" data-duration=\"2000\" data-to-value=\"1090\" data-from-value=\"100\" data-delimiter=\",\">100<\/span>\n\t\t\t\t<span class=\"elementor-counter-number-suffix\"><\/span>\n\t\t\t<\/div>\n\t\t<\/div>\n\t\t\t\t\t\t<\/div>\n\t\t\t\t<\/div>\n\t\t\t\t\t<\/div>\n\t\t<\/div>\n\t\t\t\t\t<\/div>\n\t\t<\/section>\n\t\t\t\t\t<\/div>\n\t\t<\/div>\n\t\t\t\t\t<\/div>\n\t\t<\/section>\n\t\t\t\t<section class=\"has_ma_el_bg_slider elementor-section elementor-top-section elementor-element elementor-element-98d6d37 elementor-section-boxed elementor-section-height-default elementor-section-height-default jltma-glass-effect-no wpr-particle-no wpr-jarallax-no wpr-parallax-no wpr-sticky-section-no\" data-id=\"98d6d37\" data-element_type=\"section\">\n\t\t\t\t\t\t<div class=\"elementor-container elementor-column-gap-default\">\n\t\t\t\t\t<div class=\"has_ma_el_bg_slider elementor-column elementor-col-100 elementor-top-column elementor-element elementor-element-de7ec73 jltma-glass-effect-no\" data-id=\"de7ec73\" data-element_type=\"column\">\n\t\t\t<div class=\"elementor-widget-wrap elementor-element-populated\">\n\t\t\t\t\t\t<div class=\"elementor-element elementor-element-83c4b93 jltma-glass-effect-no elementor-widget elementor-widget-spacer\" data-id=\"83c4b93\" data-element_type=\"widget\" data-widget_type=\"spacer.default\">\n\t\t\t\t<div class=\"elementor-widget-container\">\n\t\t\t\t\t\t\t<div class=\"elementor-spacer\">\n\t\t\t<div class=\"elementor-spacer-inner\"><\/div>\n\t\t<\/div>\n\t\t\t\t\t\t<\/div>\n\t\t\t\t<\/div>\n\t\t\t\t\t<\/div>\n\t\t<\/div>\n\t\t\t\t\t<\/div>\n\t\t<\/section>\n\t\t\t\t<\/div>","protected":false},"excerpt":{"rendered":"<p>Nosotros En SignMaster entendemos que optimizar una pauta es utilizar los formatos correctos para los objetivos planteados. Somos l\u00edderes de innovaci\u00f3n y diversidad de formatos en Publicidad Exterior, con m\u00e1s de 20 a\u00f1os en el mercado Dominicano y un parque de amplia cobertura en tres importantes zonas del pa\u00eds: Distrito Nacional, Santiago de los Caballeros y Punta Cana. Acompa\u00f1amos a nuestros clientes en el dise\u00f1o de sus campa\u00f1as en v\u00eda publica, para el logro de un alto impacto en sus mensajes a la audiencia. Primeros en ofrecer el Mobiliario Urbano Digital y la integraci\u00f3n de dispositivos m\u00f3viles con la publicidad exterior, abriendo la oportunidad a las campa\u00f1as interactivas, en las que la conexi\u00f3n con las marcas se extiende m\u00e1s all\u00e1 de la visualizaci\u00f3n del cartel, fortaleciendo la campa\u00f1a. Caras Fijas + 100 Pant. Digitales + 50 Vallas + 50 Ubicaciones + 100<\/p>","protected":false},"author":1,"featured_media":0,"parent":0,"menu_order":0,"comment_status":"closed","ping_status":"closed","template":"","meta":{"_exactmetrics_skip_tracking":false,"_exactmetrics_sitenote_active":false,"_exactmetrics_sitenote_note":"","_exactmetrics_sitenote_category":0,"_uf_show_specific_survey":0,"_uf_disable_surveys":false,"site-sidebar-layout":"no-sidebar","site-content-layout":"page-builder","ast-site-content-layout":"default","site-content-style":"default","site-sidebar-style":"default","ast-global-header-display":"","ast-banner-title-visibility":"","ast-main-header-display":"","ast-hfb-above-header-display":"","ast-hfb-below-header-display":"","ast-hfb-mobile-header-display":"","site-post-title":"disabled","ast-breadcrumbs-content":"","ast-featured-img":"disabled","footer-sml-layout":"","ast-disable-related-posts":"","theme-transparent-header-meta":"enabled","adv-header-id-meta":"","stick-header-meta":"","header-above-stick-meta":"","header-main-stick-meta":"","header-below-stick-meta":"","astra-migrate-meta-layouts":"default","ast-page-background-enabled":"default","ast-page-background-meta":{"desktop":{"background-color":"","background-image":"","background-repeat":"repeat","background-position":"center center","background-size":"auto","background-attachment":"scroll","background-type":"","background-media":"","overlay-type":"","overlay-color":"","overlay-opacity":"","overlay-gradient":""},"tablet":{"background-color":"","background-image":"","background-repeat":"repeat","background-position":"center center","background-size":"auto","background-attachment":"scroll","background-type":"","background-media":"","overlay-type":"","overlay-color":"","overlay-opacity":"","overlay-gradient":""},"mobile":{"background-color":"","background-image":"","background-repeat":"repeat","background-position":"center center","background-size":"auto","background-attachment":"scroll","background-type":"","background-media":"","overlay-type":"","overlay-color":"","overlay-opacity":"","overlay-gradient":""}},"ast-content-background-meta":{"desktop":{"background-color":"var(--ast-global-color-5)","background-image":"","background-repeat":"repeat","background-position":"center center","background-size":"auto","background-attachment":"scroll","background-type":"","background-media":"","overlay-type":"","overlay-color":"","overlay-opacity":"","overlay-gradient":""},"tablet":{"background-color":"var(--ast-global-color-5)","background-image":"","background-repeat":"repeat","background-position":"center center","background-size":"auto","background-attachment":"scroll","background-type":"","background-media":"","overlay-type":"","overlay-color":"","overlay-opacity":"","overlay-gradient":""},"mobile":{"background-color":"var(--ast-global-color-5)","background-image":"","background-repeat":"repeat","background-position":"center center","background-size":"auto","background-attachment":"scroll","background-type":"","background-media":"","overlay-type":"","overlay-color":"","overlay-opacity":"","overlay-gradient":""}},"footnotes":""},"class_list":["post-126","page","type-page","status-publish","hentry"],"_links":{"self":[{"href":"https:\/\/signmaster.com.do\/pt\/wp-json\/wp\/v2\/pages\/126","targetHints":{"allow":["GET"]}}],"collection":[{"href":"https:\/\/signmaster.com.do\/pt\/wp-json\/wp\/v2\/pages"}],"about":[{"href":"https:\/\/signmaster.com.do\/pt\/wp-json\/wp\/v2\/types\/page"}],"author":[{"embeddable":true,"href":"https:\/\/signmaster.com.do\/pt\/wp-json\/wp\/v2\/users\/1"}],"replies":[{"embeddable":true,"href":"https:\/\/signmaster.com.do\/pt\/wp-json\/wp\/v2\/comments?post=126"}],"version-history":[{"count":0,"href":"https:\/\/signmaster.com.do\/pt\/wp-json\/wp\/v2\/pages\/126\/revisions"}],"wp:attachment":[{"href":"https:\/\/signmaster.com.do\/pt\/wp-json\/wp\/v2\/media?parent=126"}],"curies":[{"name":"wp","href":"https:\/\/api.w.org\/{rel}","templated":true}]}}